{"id":13107,"date":"2019-09-02T21:10:43","date_gmt":"2019-09-02T18:10:43","guid":{"rendered":"https:\/\/traduceri-mures.ro\/?page_id=13107"},"modified":"2021-08-21T19:58:28","modified_gmt":"2021-08-21T16:58:28","slug":"traducere-acte-notariale","status":"publish","type":"page","link":"https:\/\/traduceri-mures.ro\/?page_id=13107","title":{"rendered":"Traducere | Acte Notariale"},"content":{"rendered":"<div class=\"wpb-content-wrapper\"><p>[vc_row row_type=&#8221;row&#8221; type=&#8221;full_width&#8221; text_align=&#8221;left&#8221; css_animation=&#8221;&#8221;][vc_column][vc_column_text]<\/p>\n<h5 style=\"text-align: center;\"><span style=\"color: #777777;\">Traducem<\/span><\/h5>\n<p>[\/vc_column_text][vc_column_text]<\/p>\n<h2 style=\"text-align: center;\"><strong>Acte Notariale<\/strong><\/h2>\n<p>[\/vc_column_text][vc_column_text]<\/p>\n<h5 style=\"text-align: center;\"><span style=\"color: #777777;\">din \u0219i \u00een 32 de limbi<\/span><\/h5>\n<p>[\/vc_column_text][vc_empty_space height=&#8221;15px&#8221;][vc_raw_html]JTVCbWV0YXNsaWRlciUyMGlkJTNEJTIyMTMyNTclMjIlNUQ=[\/vc_raw_html][vc_empty_space height=&#8221;15px&#8221;][vc_separator type=&#8221;normal&#8221;][vc_empty_space height=&#8221;15px&#8221;][vc_column_text]<\/p>\n<h2 style=\"text-align: center;\">Exemple Acte Judiciare:<\/h2>\n<p>[\/vc_column_text][vc_empty_space height=&#8221;15px&#8221;][vc_empty_space height=&#8221;15px&#8221;]<div class='qode_carousels_holder clearfix'><div class='qode_carousels light'><ul class='slides'>Sorry, no posts matched your criteria.<\/ul><\/div><\/div>[vc_empty_space][vc_separator type=&#8221;normal&#8221;][\/vc_column][\/vc_row][vc_row row_type=&#8221;row&#8221; type=&#8221;full_width&#8221; text_align=&#8221;left&#8221; css_animation=&#8221;&#8221;][vc_column][vc_empty_space]<div class='q_message  with_icon' style=''><div class='q_message_inner'><div class=\"q_message_icon_holder\"><div class=\"q_message_icon\"><div class=\"q_message_icon_inner\"><i class='fa fa-info-circle fa-2x' style='color: #00aeef'><\/i><\/div><\/div><\/div><a href='#' class='close'><i class='fa fa-times dark'><\/i><\/a><div class='message_text_holder'><div class='message_text'><div class='message_text_inner'><\/p>\n<p style=\"text-align: justify;\">Toate Imaginile prezentate ca exemple pe pagina traduceri-mures.ro sunt anonime si neoficiale. Imaginile publicate reprezint\u0103 forma general\u0103 pe care o poate avea un act original din categoria exemplificat\u0103.<\/p>\n<p><\/div><\/div><\/div><\/div><\/div>[\/vc_column][\/vc_row][vc_row row_type=&#8221;row&#8221; type=&#8221;full_width&#8221; text_align=&#8221;left&#8221; css_animation=&#8221;&#8221;][vc_column]<div class=\"circle_item circle_top fade_in_circle_holder\"><div class=\"circle hover fade_in_circle\"><a href=\"#formular\" target=\"\" style=\"\"><div>Tarife \u00eencep\u00e2nde de la 25 lei \/ certificat<\/div><\/a><\/div><div class=\"text\"><\/div><\/div>[\/vc_column][\/vc_row][vc_row row_type=&#8221;row&#8221; type=&#8221;full_width&#8221; text_align=&#8221;left&#8221; css_animation=&#8221;&#8221; el_id=&#8221;online&#8221;][vc_column width=&#8221;1\/3&#8243;]<div class=\"circle_item circle_top fade_in_circle_holder\"><div class=\"circle hover fade_in_circle\"><a href=\"https:\/\/api.whatsapp.com\/send?phone=40770267076&amp;text=Buna,%20am%20vizitat%20traduceri-mures.ro,%20am%20nevoie%20de%20informa%C8%9Bii%20privind:\" target=\"_blank\" style=\"\"><div>Comand\u0103 prin WhatsApp<\/div><\/a><\/div><div class=\"text\"><\/div><\/div>[\/vc_column][vc_column width=&#8221;1\/3&#8243;][vc_single_image image=&#8221;12788&#8243; img_size=&#8221;large&#8221; alignment=&#8221;center&#8221; qode_css_animation=&#8221;&#8221;][vc_empty_space height=&#8221;70px&#8221;][\/vc_column][vc_column width=&#8221;1\/3&#8243;]<div class=\"circle_item circle_top fade_in_circle_holder\"><div class=\"circle hover fade_in_circle\"><a href=\"#formular\" target=\"\" style=\"\"><div>Comand\u0103 prin Formular<\/div><\/a><\/div><div class=\"text\"><\/div><\/div>[\/vc_column][\/vc_row][vc_row row_type=&#8221;row&#8221; type=&#8221;full_width&#8221; text_align=&#8221;left&#8221; css_animation=&#8221;&#8221;][vc_column]<div class=\"circle_item circle_top fade_in_circle_holder\"><div class=\"circle hover fade_in_circle\"><a href=\"tel:+4 0770 267 076\" target=\"\" style=\"\"><div>Comenzi telefonice: 0770 267 076<\/div><\/a><\/div><div class=\"text\"><\/div><\/div>[vc_empty_space][vc_separator type=&#8221;full_width&#8221; color=&#8221;#00aeef&#8221;][\/vc_column][\/vc_row][vc_row row_type=&#8221;row&#8221; type=&#8221;grid&#8221; anchor=&#8221;services&#8221; text_align=&#8221;left&#8221; border_color=&#8221;#ffffff&#8221; padding_top=&#8221;46&#8243; padding_bottom=&#8221;4&#8243; css_animation=&#8221;&#8221;][vc_column][vc_empty_space][vc_column_text]<\/p>\n<h2 style=\"text-align: center;\">Pa\u0219i de urmat \u00een comenzi online<\/h2>\n<p>[\/vc_column_text][vc_separator type=&#8221;transparent&#8221; up=&#8221;0&#8243; down=&#8221;0&#8243;][vc_empty_space][\/vc_column][\/vc_row][vc_row row_type=&#8221;row&#8221; type=&#8221;full_width&#8221; text_align=&#8221;left&#8221; css_animation=&#8221;&#8221;][vc_column]<div class='q_steps_holder'><div class='steps_holder_inner'><div class='circle_small_holder step1'><div class='circle_small_holder_inner'><div class='circle_small_wrapper' style=''><div class='circle_small' style=''><div class='circle_small_inner'><span style=''>1<\/span><p class='step_title' style=''>Completeaz\u0103 Formularul<\/p><\/div><\/div><\/div><\/div><p>Pregateste Fotografia<\/p><\/div><div class='circle_small_holder step2'><div class='circle_small_holder_inner'><div class='circle_small_wrapper' style=''><div class='circle_small' style=''><div class='circle_small_inner'><span style=''>2<\/span><p class='step_title' style=''>Trimite Formularul<\/p><\/div><\/div><\/div><\/div><p>Asigur\u0103-te c\u0103 ai ata\u0219at imaginea<\/p><\/div><div class='circle_small_holder step3'><div class='circle_small_holder_inner'><div class='circle_small_wrapper' style=''><div class='circle_small' style=''><div class='circle_small_inner'><span style=''>3<\/span><p class='step_title' style=''>Accept\u0103 oferta primit\u0103<\/p><\/div><\/div><\/div><\/div><p>Prime\u0219ti r\u0103spuns pe email cu ofera<\/p><\/div><div class='circle_small_holder step4'><div class='circle_small_holder_inner'><div class='circle_small_wrapper' style=''><div class='circle_small' style=''><div class='circle_small_inner'><span style=''>4<\/span><p class='step_title' style=''>Prime\u0219ti Traducerea<\/p><\/div><\/div><\/div><\/div><p>Scanat\u0103 pe email<\/p><\/div><\/div><\/div>[vc_empty_space][vc_empty_space][vc_separator type=&#8221;normal&#8221;][\/vc_column][\/vc_row][vc_row row_type=&#8221;row&#8221; type=&#8221;grid&#8221; anchor=&#8221;services&#8221; text_align=&#8221;left&#8221; border_color=&#8221;#ffffff&#8221; padding_top=&#8221;46&#8243; padding_bottom=&#8221;4&#8243; css_animation=&#8221;&#8221; el_id=&#8221;formular&#8221;][vc_column][vc_empty_space][vc_column_text]<\/p>\n<h2 style=\"text-align: center;\">Comand\u0103 Traducerea Acum!<\/h2>\n<p>[\/vc_column_text][vc_separator type=&#8221;transparent&#8221; up=&#8221;0&#8243; down=&#8221;0&#8243;][vc_column_text]<\/p>\n<h5 style=\"text-align: center;\"><span style=\"color: #777777;\">Plaseaz\u0103 comanda ta. R\u0103spundem \u00een 30 min*. Afla mai repede pe <\/span><span style=\"color: #00aeef;\"><strong><a style=\"color: #00aeef;\" href=\"https:\/\/chat.whatsapp.com\/BHDrXUk45n1DeRaRh5BkeC\">WhatsApp<\/a><\/strong><\/span>.<\/h5>\n<p>[\/vc_column_text][vc_empty_space][vc_raw_html]JTVCemlnYWZvcm0tZXN0aW1hdG9yJTIwaWQlM0QlMjIzJTIyJTVE[\/vc_raw_html][vc_empty_space][\/vc_column][\/vc_row][vc_row row_type=&#8221;row&#8221; type=&#8221;full_width&#8221; text_align=&#8221;left&#8221; css_animation=&#8221;&#8221;][vc_column][vc_column_text]<\/p>\n<h2 style=\"text-align: center;\">Alte Categorii de Acte<\/h2>\n<p>[\/vc_column_text][vc_empty_space]<div class='qode_carousels_holder clearfix'><div class='qode_carousels gray'><ul class='slides'><li><a href='https:\/\/traduceri-mures.ro\/?page_id=12606' target='_self'><span class='first_image_holder has_hover_image'><img src='http:\/\/traduceri-mures.ro\/wp-content\/uploads\/2019\/07\/Acte-Auto.png' alt='Acte Auto'><\/span><span class='second_image_holder has_hover_image'><img src='http:\/\/traduceri-mures.ro\/wp-content\/uploads\/2019\/09\/Acte-Auto-Fade-3.png' alt='Acte Auto'><\/span><\/a><\/li><li><a href='https:\/\/traduceri-mures.ro\/?page_id=12905' target='_self'><span class='first_image_holder has_hover_image'><img src='http:\/\/traduceri-mures.ro\/wp-content\/uploads\/2019\/07\/Acte-judiciare.png' alt='Acte Judiciare'><\/span><span class='second_image_holder has_hover_image'><img src='http:\/\/traduceri-mures.ro\/wp-content\/uploads\/2019\/09\/Acte-Judiciare-Sentinte.png' alt='Acte Judiciare'><\/span><\/a><\/li><li><a href='https:\/\/traduceri-mures.ro\/?page_id=13107' target='_self'><span class='first_image_holder has_hover_image'><img src='http:\/\/traduceri-mures.ro\/wp-content\/uploads\/2019\/07\/Acte-notariale.png' alt='Acte Notariale'><\/span><span class='second_image_holder has_hover_image'><img src='http:\/\/traduceri-mures.ro\/wp-content\/uploads\/2019\/09\/Acte-Notariale-Procuri-2.png' alt='Acte Notariale'><\/span><\/a><\/li><li><a href='https:\/\/traduceri-mures.ro\/?page_id=13105' target='_self'><span class='first_image_holder has_hover_image'><img src='http:\/\/traduceri-mures.ro\/wp-content\/uploads\/2019\/07\/Stare-Civila.png' alt='Acte Stare Civila'><\/span><span class='second_image_holder has_hover_image'><img src='http:\/\/traduceri-mures.ro\/wp-content\/uploads\/2019\/09\/Acte-Stare-civila.png' alt='Acte Stare Civila'><\/span><\/a><\/li><li><a href='https:\/\/traduceri-mures.ro\/?page_id=12986' target='_self'><span class='first_image_holder has_hover_image'><img src='http:\/\/traduceri-mures.ro\/wp-content\/uploads\/2019\/07\/Acte-avocatiale.png' alt='Acte Avocatiale'><\/span><span class='second_image_holder has_hover_image'><img src='http:\/\/traduceri-mures.ro\/wp-content\/uploads\/2019\/09\/Acte-Avocatiale-1.png' alt='Acte Avocatiale'><\/span><\/a><\/li><li><a href='https:\/\/traduceri-mures.ro\/?page_id=13109' target='_self'><span class='first_image_holder has_hover_image'><img src='http:\/\/traduceri-mures.ro\/wp-content\/uploads\/2019\/07\/Acte-ONRC.png' alt='Acte ONRC'><\/span><span class='second_image_holder has_hover_image'><img src='http:\/\/traduceri-mures.ro\/wp-content\/uploads\/2019\/09\/Acte-ONRC-1.png' alt='Acte ONRC'><\/span><\/a><\/li><li><a href='https:\/\/traduceri-mures.ro\/?page_id=13113' target='_self'><span class='first_image_holder has_hover_image'><img src='http:\/\/traduceri-mures.ro\/wp-content\/uploads\/2019\/07\/Acte-scolare-universitare.png' alt='Acte Scolare &#8211; Universitare'><\/span><span class='second_image_holder has_hover_image'><img src='http:\/\/traduceri-mures.ro\/wp-content\/uploads\/2019\/09\/Acte-scolare.png' alt='Acte Scolare &#8211; Universitare'><\/span><\/a><\/li><li><a href='https:\/\/traduceri-mures.ro\/?page_id=13111' target='_self'><span class='first_image_holder has_hover_image'><img src='http:\/\/traduceri-mures.ro\/wp-content\/uploads\/2019\/07\/Acte-ONCPI.png' alt='Acte ONCPI'><\/span><span class='second_image_holder has_hover_image'><img src='http:\/\/traduceri-mures.ro\/wp-content\/uploads\/2019\/09\/Acte-ONCPI-1.png' alt='Acte ONCPI'><\/span><\/a><\/li><li><a href='https:\/\/traduceri-mures.ro\/?page_id=13115' target='_self'><span class='first_image_holder has_hover_image'><img src='http:\/\/traduceri-mures.ro\/wp-content\/uploads\/2019\/07\/Acte-Personale.png' alt='Acte Personale'><\/span><span class='second_image_holder has_hover_image'><img src='http:\/\/traduceri-mures.ro\/wp-content\/uploads\/2019\/09\/Acte-personale-1.png' alt='Acte Personale'><\/span><\/a><\/li><li><a href='https:\/\/traduceri-mures.ro\/?page_id=13117' target='_self'><span class='first_image_holder has_hover_image'><img src='http:\/\/traduceri-mures.ro\/wp-content\/uploads\/2019\/07\/Acte-Medicale.png' alt='Acte Medicale'><\/span><span class='second_image_holder has_hover_image'><img src='http:\/\/traduceri-mures.ro\/wp-content\/uploads\/2019\/09\/Acte-Medicale-Fade.png' alt='Acte Medicale'><\/span><\/a><\/li><li><a href='https:\/\/traduceri-mures.ro\/?page_id=13119' target='_self'><span class='first_image_holder has_hover_image'><img src='http:\/\/traduceri-mures.ro\/wp-content\/uploads\/2019\/07\/Acte-Anaf.png' alt='Acte ANAF'><\/span><span class='second_image_holder has_hover_image'><img src='http:\/\/traduceri-mures.ro\/wp-content\/uploads\/2019\/09\/Acte-ANAF-Fade.png' alt='Acte ANAF'><\/span><\/a><\/li><li><a href='https:\/\/traduceri-mures.ro\/?page_id=13121' target='_self'><span class='first_image_holder has_hover_image'><img src='http:\/\/traduceri-mures.ro\/wp-content\/uploads\/2019\/07\/Acte-MAI-IPJ.png' alt='Acte MAI \/ IPJ'><\/span><span class='second_image_holder has_hover_image'><img src='http:\/\/traduceri-mures.ro\/wp-content\/uploads\/2019\/09\/Acte-MAI-IPJ-Fade.png' alt='Acte MAI \/ IPJ'><\/span><\/a><\/li><li><a href='https:\/\/traduceri-mures.ro\/?page_id=13123' target='_self'><span class='first_image_holder has_hover_image'><img src='http:\/\/traduceri-mures.ro\/wp-content\/uploads\/2019\/08\/Acte-Tehnice.png' alt='Acte Tehnice'><\/span><span class='second_image_holder has_hover_image'><img src='http:\/\/traduceri-mures.ro\/wp-content\/uploads\/2019\/09\/Acte-Tehnice-Fade.png' alt='Acte Tehnice'><\/span><\/a><\/li><li><a href='https:\/\/traduceri-mures.ro\/?page_id=13125' target='_self'><span class='first_image_holder has_hover_image'><img src='http:\/\/traduceri-mures.ro\/wp-content\/uploads\/2019\/08\/Acte-Financiare.png' alt='Acte Finanicare'><\/span><span class='second_image_holder has_hover_image'><img src='http:\/\/traduceri-mures.ro\/wp-content\/uploads\/2019\/09\/Acte-Financiare-Fade.png' alt='Acte Finanicare'><\/span><\/a><\/li><li><a href='https:\/\/traduceri-mures.ro\/?page_id=13127' target='_self'><span class='first_image_holder has_hover_image'><img src='http:\/\/traduceri-mures.ro\/wp-content\/uploads\/2019\/08\/Acte-Comerciale.png' alt='Acte Comerciale'><\/span><span class='second_image_holder has_hover_image'><img src='http:\/\/traduceri-mures.ro\/wp-content\/uploads\/2019\/09\/Acte-Comerciale-Fade.png' alt='Acte Comerciale'><\/span><\/a><\/li><\/ul><\/div><\/div>[\/vc_column][\/vc_row]<\/p>\n<\/div>","protected":false},"excerpt":{"rendered":"<p>[vc_row row_type=&#8221;row&#8221; type=&#8221;full_width&#8221; text_align=&#8221;left&#8221; css_animation=&#8221;&#8221;][vc_column][vc_column_text] Traducem [\/vc_column_text][vc_column_text] Acte Notariale [\/vc_column_text][vc_column_text] din \u0219i \u00een 32 de limbi [\/vc_column_text][vc_empty_space height=&#8221;15px&#8221;][vc_raw_html]JTVCbWV0YXNsaWRlciUyMGlkJTNEJTIyMTMyNTclMjIlNUQ=[\/vc_raw_html][vc_empty_space height=&#8221;15px&#8221;][vc_separator type=&#8221;normal&#8221;][vc_empty_space height=&#8221;15px&#8221;][vc_column_text] Exemple Acte Judiciare: [\/vc_column_text][vc_empty_space height=&#8221;15px&#8221;][vc_empty_space height=&#8221;15px&#8221;][vc_empty_space][vc_separator type=&#8221;normal&#8221;][\/vc_column][\/vc_row][vc_row row_type=&#8221;row&#8221; type=&#8221;full_width&#8221; text_align=&#8221;left&#8221; css_animation=&#8221;&#8221;][vc_column][vc_empty_space][\/vc_column][\/vc_row][vc_row row_type=&#8221;row&#8221; type=&#8221;full_width&#8221; text_align=&#8221;left&#8221; css_animation=&#8221;&#8221;][vc_column][\/vc_column][\/vc_row][vc_row row_type=&#8221;row&#8221; type=&#8221;full_width&#8221; text_align=&#8221;left&#8221; css_animation=&#8221;&#8221; el_id=&#8221;online&#8221;][vc_column width=&#8221;1\/3&#8243;][\/vc_column][vc_column width=&#8221;1\/3&#8243;][vc_single_image image=&#8221;12788&#8243; img_size=&#8221;large&#8221;&#8230;<\/p>\n","protected":false},"author":1,"featured_media":0,"parent":0,"menu_order":0,"comment_status":"closed","ping_status":"closed","template":"","meta":{"footnotes":""},"class_list":["post-13107","page","type-page","status-publish","hentry"],"yoast_head":"<!-- This site is optimized with the Yoast SEO plugin v27.4 - https:\/\/yoast.com\/product\/yoast-seo-wordpress\/ -->\n<title>Traducere | Acte Notariale - Traduceri Mures<\/title>\n<meta name=\"robots\" content=\"index, follow, max-snippet:-1, max-image-preview:large, max-video-preview:-1\" \/>\n<link rel=\"canonical\" href=\"https:\/\/traduceri-mures.ro\/?page_id=13107\" \/>\n<meta property=\"og:locale\" content=\"en_US\" \/>\n<meta property=\"og:type\" content=\"article\" \/>\n<meta property=\"og:title\" content=\"Traducere | Acte Notariale - Traduceri Mures\" \/>\n<meta property=\"og:description\" content=\"[vc_row row_type=&#8221;row&#8221; type=&#8221;full_width&#8221; text_align=&#8221;left&#8221; css_animation=&#8221;&#8221;][vc_column][vc_column_text] Traducem [\/vc_column_text][vc_column_text] Acte Notariale [\/vc_column_text][vc_column_text] din \u0219i \u00een 32 de limbi [\/vc_column_text][vc_empty_space height=&#8221;15px&#8221;][vc_raw_html]JTVCbWV0YXNsaWRlciUyMGlkJTNEJTIyMTMyNTclMjIlNUQ=[\/vc_raw_html][vc_empty_space height=&#8221;15px&#8221;][vc_separator type=&#8221;normal&#8221;][vc_empty_space height=&#8221;15px&#8221;][vc_column_text] Exemple Acte Judiciare: [\/vc_column_text][vc_empty_space height=&#8221;15px&#8221;][vc_empty_space height=&#8221;15px&#8221;][vc_empty_space][vc_separator type=&#8221;normal&#8221;][\/vc_column][\/vc_row][vc_row row_type=&#8221;row&#8221; type=&#8221;full_width&#8221; text_align=&#8221;left&#8221; css_animation=&#8221;&#8221;][vc_column][vc_empty_space][\/vc_column][\/vc_row][vc_row row_type=&#8221;row&#8221; type=&#8221;full_width&#8221; text_align=&#8221;left&#8221; css_animation=&#8221;&#8221;][vc_column][\/vc_column][\/vc_row][vc_row row_type=&#8221;row&#8221; type=&#8221;full_width&#8221; text_align=&#8221;left&#8221; css_animation=&#8221;&#8221; el_id=&#8221;online&#8221;][vc_column width=&#8221;1\/3&#8243;][\/vc_column][vc_column width=&#8221;1\/3&#8243;][vc_single_image image=&#8221;12788&#8243; img_size=&#8221;large&#8221;...\" \/>\n<meta property=\"og:url\" content=\"https:\/\/traduceri-mures.ro\/?page_id=13107\" \/>\n<meta property=\"og:site_name\" content=\"Traduceri Mures\" \/>\n<meta property=\"article:modified_time\" content=\"2021-08-21T16:58:28+00:00\" \/>\n<meta name=\"twitter:card\" content=\"summary_large_image\" \/>\n<meta name=\"twitter:label1\" content=\"Est. reading time\" \/>\n\t<meta name=\"twitter:data1\" content=\"3 minutes\" \/>\n<!-- \/ Yoast SEO plugin. -->","yoast_head_json":{"title":"Traducere | Acte Notariale - Traduceri Mures","robots":{"index":"index","follow":"follow","max-snippet":"max-snippet:-1","max-image-preview":"max-image-preview:large","max-video-preview":"max-video-preview:-1"},"canonical":"https:\/\/traduceri-mures.ro\/?page_id=13107","og_locale":"en_US","og_type":"article","og_title":"Traducere | Acte Notariale - Traduceri Mures","og_description":"[vc_row row_type=&#8221;row&#8221; type=&#8221;full_width&#8221; text_align=&#8221;left&#8221; css_animation=&#8221;&#8221;][vc_column][vc_column_text] Traducem [\/vc_column_text][vc_column_text] Acte Notariale [\/vc_column_text][vc_column_text] din \u0219i \u00een 32 de limbi [\/vc_column_text][vc_empty_space height=&#8221;15px&#8221;][vc_raw_html]JTVCbWV0YXNsaWRlciUyMGlkJTNEJTIyMTMyNTclMjIlNUQ=[\/vc_raw_html][vc_empty_space height=&#8221;15px&#8221;][vc_separator type=&#8221;normal&#8221;][vc_empty_space height=&#8221;15px&#8221;][vc_column_text] Exemple Acte Judiciare: [\/vc_column_text][vc_empty_space height=&#8221;15px&#8221;][vc_empty_space height=&#8221;15px&#8221;][vc_empty_space][vc_separator type=&#8221;normal&#8221;][\/vc_column][\/vc_row][vc_row row_type=&#8221;row&#8221; type=&#8221;full_width&#8221; text_align=&#8221;left&#8221; css_animation=&#8221;&#8221;][vc_column][vc_empty_space][\/vc_column][\/vc_row][vc_row row_type=&#8221;row&#8221; type=&#8221;full_width&#8221; text_align=&#8221;left&#8221; css_animation=&#8221;&#8221;][vc_column][\/vc_column][\/vc_row][vc_row row_type=&#8221;row&#8221; type=&#8221;full_width&#8221; text_align=&#8221;left&#8221; css_animation=&#8221;&#8221; el_id=&#8221;online&#8221;][vc_column width=&#8221;1\/3&#8243;][\/vc_column][vc_column width=&#8221;1\/3&#8243;][vc_single_image image=&#8221;12788&#8243; img_size=&#8221;large&#8221;...","og_url":"https:\/\/traduceri-mures.ro\/?page_id=13107","og_site_name":"Traduceri Mures","article_modified_time":"2021-08-21T16:58:28+00:00","twitter_card":"summary_large_image","twitter_misc":{"Est. reading time":"3 minutes"},"schema":{"@context":"https:\/\/schema.org","@graph":[{"@type":"WebPage","@id":"https:\/\/traduceri-mures.ro\/?page_id=13107","url":"https:\/\/traduceri-mures.ro\/?page_id=13107","name":"Traducere | Acte Notariale - Traduceri Mures","isPartOf":{"@id":"https:\/\/traduceri-mures.ro\/#website"},"datePublished":"2019-09-02T18:10:43+00:00","dateModified":"2021-08-21T16:58:28+00:00","breadcrumb":{"@id":"https:\/\/traduceri-mures.ro\/?page_id=13107#breadcrumb"},"inLanguage":"en-US","potentialAction":[{"@type":"ReadAction","target":["https:\/\/traduceri-mures.ro\/?page_id=13107"]}]},{"@type":"BreadcrumbList","@id":"https:\/\/traduceri-mures.ro\/?page_id=13107#breadcrumb","itemListElement":[{"@type":"ListItem","position":1,"name":"Prima pagin\u0103","item":"https:\/\/traduceri-mures.ro\/"},{"@type":"ListItem","position":2,"name":"Traducere | Acte Notariale"}]},{"@type":"WebSite","@id":"https:\/\/traduceri-mures.ro\/#website","url":"https:\/\/traduceri-mures.ro\/","name":"Traduceri Mures","description":"Traduceri Autorizate din 30 de limbi \u2022 Targu Mures","potentialAction":[{"@type":"SearchAction","target":{"@type":"EntryPoint","urlTemplate":"https:\/\/traduceri-mures.ro\/?s={search_term_string}"},"query-input":{"@type":"PropertyValueSpecification","valueRequired":true,"valueName":"search_term_string"}}],"inLanguage":"en-US"}]}},"_links":{"self":[{"href":"https:\/\/traduceri-mures.ro\/index.php?rest_route=\/wp\/v2\/pages\/13107","targetHints":{"allow":["GET"]}}],"collection":[{"href":"https:\/\/traduceri-mures.ro\/index.php?rest_route=\/wp\/v2\/pages"}],"about":[{"href":"https:\/\/traduceri-mures.ro\/index.php?rest_route=\/wp\/v2\/types\/page"}],"author":[{"embeddable":true,"href":"https:\/\/traduceri-mures.ro\/index.php?rest_route=\/wp\/v2\/users\/1"}],"replies":[{"embeddable":true,"href":"https:\/\/traduceri-mures.ro\/index.php?rest_route=%2Fwp%2Fv2%2Fcomments&post=13107"}],"version-history":[{"count":3,"href":"https:\/\/traduceri-mures.ro\/index.php?rest_route=\/wp\/v2\/pages\/13107\/revisions"}],"predecessor-version":[{"id":13313,"href":"https:\/\/traduceri-mures.ro\/index.php?rest_route=\/wp\/v2\/pages\/13107\/revisions\/13313"}],"wp:attachment":[{"href":"https:\/\/traduceri-mures.ro\/index.php?rest_route=%2Fwp%2Fv2%2Fmedia&parent=13107"}],"curies":[{"name":"wp","href":"https:\/\/api.w.org\/{rel}","templated":true}]}}